{"id":14268,"date":"2025-01-13T17:15:44","date_gmt":"2025-01-13T15:15:44","guid":{"rendered":"https:\/\/skersvejis.com\/?page_id=14268"},"modified":"2025-07-07T12:26:09","modified_gmt":"2025-07-07T10:26:09","slug":"nuoma-renginiams","status":"publish","type":"page","link":"https:\/\/skersvejis.com\/en\/nuoma-renginiams\/","title":{"rendered":"Nuoma renginiams"},"content":{"rendered":"<div data-elementor-type=\"wp-page\" data-elementor-id=\"14268\" class=\"elementor elementor-14268\" data-elementor-post-type=\"page\">\n\t\t\t\t\t\t<section class=\"elementor-section elementor-top-section elementor-element elementor-element-362e335 wrapper-wide section-normal elementor-section-boxed elementor-section-height-default elementor-section-height-default default\" data-id=\"362e335\" data-element_type=\"section\" data-e-type=\"section\">\n\t\t\t\t\t\t<div class=\"elementor-container elementor-column-gap-default\">\n\t\t\t\t\t<div class=\"elementor-column elementor-col-100 elementor-top-column elementor-element elementor-element-b7660c3\" data-id=\"b7660c3\" data-element_type=\"column\" data-e-type=\"column\">\n\t\t\t<div class=\"elementor-widget-wrap elementor-element-populated\">\n\t\t\t\t\t\t<section class=\"elementor-section elementor-inner-section elementor-element elementor-element-ce334d0 wrapper-wide section-normal elementor-section-boxed elementor-section-height-default elementor-section-height-default default\" data-id=\"ce334d0\" data-element_type=\"section\" data-e-type=\"section\">\n\t\t\t\t\t\t<div class=\"elementor-container elementor-column-gap-default\">\n\t\t\t\t\t<div class=\"has-anim slideUp elementor-column elementor-col-100 elementor-inner-column elementor-element elementor-element-a79f1bb\" data-duration=\"2\" data-delay=\"0\" data-scrub=\"false\" data-pin=\"false\" data-out=\"false\" data-start=\"1.5\" data-origin=\"top center\" data-id=\"a79f1bb\" data-element_type=\"column\" data-e-type=\"column\">\n\t\t\t<div class=\"elementor-widget-wrap elementor-element-populated\">\n\t\t\t\t\t\t<div class=\"elementor-element elementor-element-07128fb elementor-widget elementor-widget-naylamarquee\" data-id=\"07128fb\" data-element_type=\"widget\" data-e-type=\"widget\" data-widget_type=\"naylamarquee.default\">\n\t\t\t\t<div class=\"elementor-widget-container\">\n\t\t\t\t\t\n      <h1 class=\"nayla-marquee  right-to-left   cursor-default icon_font\" data-duration=\"20\" data-sepduration=\"10\" >\n\n\n        <span class=\"md-title\">spaces for rent<\/span>\n        <div class=\"seperator md-title\"> \n\n            \n            <i aria-hidden=\"true\" class=\"material-icons md-fiber_manual_record\" data-md-icon=\"fiber_manual_record\"><\/i>\n            \n\n\n\n        <\/div>\n\n\n\n   <\/h1>    \n    \t\t\t\t<\/div>\n\t\t\t\t<\/div>\n\t\t\t\t\t<\/div>\n\t\t<\/div>\n\t\t\t\t\t<\/div>\n\t\t<\/section>\n\t\t\t\t<section class=\"elementor-section elementor-inner-section elementor-element elementor-element-b4e2d88 wrapper-wide section-normal elementor-section-boxed elementor-section-height-default elementor-section-height-default default\" data-id=\"b4e2d88\" data-element_type=\"section\" data-e-type=\"section\" id=\"works\">\n\t\t\t\t\t\t<div class=\"elementor-container elementor-column-gap-default\">\n\t\t\t\t\t<div class=\"elementor-column elementor-col-100 elementor-inner-column elementor-element elementor-element-df15929\" data-id=\"df15929\" data-element_type=\"column\" data-e-type=\"column\">\n\t\t\t<div class=\"elementor-widget-wrap elementor-element-populated\">\n\t\t\t\t\t\t<div class=\"elementor-element elementor-element-a893f55 elementor-widget elementor-widget-naylatextwrapper\" data-id=\"a893f55\" data-element_type=\"widget\" data-e-type=\"widget\" data-widget_type=\"naylatextwrapper.default\">\n\t\t\t\t<div class=\"elementor-widget-container\">\n\t\t\t\t\t\n\n\n<div class=\"text-wrapper\">\n\n    <p class=\"has-anim-text wordsUp  text-h5  false\" data-stagger=\"0.05\" data-duration=\"1\"data-delay=\"0\"data-scrub=\"\" data-pin=\"\"> Skersv\u0117jis invites you to discover unique places where creativity and opportunities merge. Our artistic spaces are perfect for a variety of events \u2013 from personal celebrations to business meetings or creative workshops.<\/p>\n\n\n<\/div>\n\n\n\t\t\t\t<\/div>\n\t\t\t\t<\/div>\n\t\t\t\t<div class=\"elementor-element elementor-element-ed33065 elementor-widget elementor-widget-naylaprojectsgrid\" data-id=\"ed33065\" data-element_type=\"widget\" data-e-type=\"widget\" data-widget_type=\"naylaprojectsgrid.default\">\n\t\t\t\t<div class=\"elementor-widget-container\">\n\t\t\t\t\t\n\n<!-- Portfolio Grid -->\n<div class=\"portfolio-grid details-above equal-height filterable col-2\" data-view-text=\"View Project\" data-hovers=\"classic cursor arrow imageMask\" data-total=\"4\" >\n\n\n    \n    <!-- Projects Wrapper -->\n    <div class=\"grid-projects-wrapper\">\n\n        \n        <!-- Project -->\n        <div class=\"grid-project needs--handle align-right  cat_nuoma\" data-duration=\"1\" data-delay=\"0\" data-scrub=\"false\" data-pin=\"false\" data-anim-out=\"false\" >\n\n            <!-- Project URL --><a data-id=\"13293\" class=\"barba--trigger  cursor-text\" data-cursor-text=\"PATIRK\" href=\"https:\/\/skersvejis.com\/en\/erdves-nuoma\/skersvejo-takas\/\">\n\n                <div class=\"grid-project-wrap\">\n\n                    <!--  Image -->\n                    <div class=\"grid-project-image\">\n\n                            <!-- Project Image -->\n                <div class=\"project-image project__image__13293\">\n                <img decoding=\"async\" src=\"https:\/\/skersvejis.com\/wp-content\/uploads\/2024\/09\/311496308_1052252448784210_2167181081629769814_n.jpg\" class=\"attachment-post-thumbnail size-post-thumbnail wp-post-image\" alt=\"\" srcset=\"https:\/\/skersvejis.com\/wp-content\/uploads\/2024\/09\/311496308_1052252448784210_2167181081629769814_n.jpg 1920w, https:\/\/skersvejis.com\/wp-content\/uploads\/2024\/09\/311496308_1052252448784210_2167181081629769814_n-300x207.jpg 300w, https:\/\/skersvejis.com\/wp-content\/uploads\/2024\/09\/311496308_1052252448784210_2167181081629769814_n-1024x708.jpg 1024w, https:\/\/skersvejis.com\/wp-content\/uploads\/2024\/09\/311496308_1052252448784210_2167181081629769814_n-768x531.jpg 768w, https:\/\/skersvejis.com\/wp-content\/uploads\/2024\/09\/311496308_1052252448784210_2167181081629769814_n-1536x1062.jpg 1536w\" sizes=\"(max-width: 1920px) 100vw, 1920px\" \/>\n    <\/div>\n    <!--\/Project Image -->\n\n    \n                    <\/div>\n                    <!--\/ Image -->\n\n                    <!--  Meta -->\n                    <div class=\"grid-project-meta\">\n\n                        <!-- Title -->\n                        <div class=\"grid-project-title\">\n                            Skersv\u0117jis walkway                        <\/div>\n                        <!--\/ Title -->\n\n                                            <\/div>\n                    <!--\/ Meta -->\n\n                <\/div>\n\n            <\/a>\n\n        <\/div>\n        <!--\/Project -->\n\n\n        \n        <!-- Project -->\n        <div class=\"grid-project needs--handle align-right  cat_nuoma\" data-duration=\"1\" data-delay=\"0\" data-scrub=\"false\" data-pin=\"false\" data-anim-out=\"false\" >\n\n            <!-- Project URL --><a data-id=\"13023\" class=\"barba--trigger  cursor-text\" data-cursor-text=\"PATIRK\" href=\"https:\/\/skersvejis.com\/en\/erdves-nuoma\/meno-galerija\/\">\n\n                <div class=\"grid-project-wrap\">\n\n                    <!--  Image -->\n                    <div class=\"grid-project-image\">\n\n                            <!-- Project Image -->\n                <div class=\"project-image project__image__13023\">\n                <img decoding=\"async\" src=\"https:\/\/skersvejis.com\/wp-content\/uploads\/2025\/02\/Untitled-design.jpg\" class=\"attachment-post-thumbnail size-post-thumbnail wp-post-image\" alt=\"\" srcset=\"https:\/\/skersvejis.com\/wp-content\/uploads\/2025\/02\/Untitled-design.jpg 1920w, https:\/\/skersvejis.com\/wp-content\/uploads\/2025\/02\/Untitled-design-300x150.jpg 300w, https:\/\/skersvejis.com\/wp-content\/uploads\/2025\/02\/Untitled-design-1024x512.jpg 1024w, https:\/\/skersvejis.com\/wp-content\/uploads\/2025\/02\/Untitled-design-768x384.jpg 768w, https:\/\/skersvejis.com\/wp-content\/uploads\/2025\/02\/Untitled-design-1536x768.jpg 1536w, https:\/\/skersvejis.com\/wp-content\/uploads\/2025\/02\/Untitled-design-18x9.jpg 18w\" sizes=\"(max-width: 1920px) 100vw, 1920px\" \/>\n    <\/div>\n    <!--\/Project Image -->\n\n    \n                    <\/div>\n                    <!--\/ Image -->\n\n                    <!--  Meta -->\n                    <div class=\"grid-project-meta\">\n\n                        <!-- Title -->\n                        <div class=\"grid-project-title\">\n                            Art gallery                        <\/div>\n                        <!--\/ Title -->\n\n                                            <\/div>\n                    <!--\/ Meta -->\n\n                <\/div>\n\n            <\/a>\n\n        <\/div>\n        <!--\/Project -->\n\n\n        \n        <!-- Project -->\n        <div class=\"grid-project needs--handle align-right  cat_nuoma\" data-duration=\"1\" data-delay=\"0\" data-scrub=\"false\" data-pin=\"false\" data-anim-out=\"false\" >\n\n            <!-- Project URL --><a data-id=\"12145\" class=\"barba--trigger  cursor-text\" data-cursor-text=\"PATIRK\" href=\"https:\/\/skersvejis.com\/en\/erdves-nuoma\/geltonas-parkingas\/\">\n\n                <div class=\"grid-project-wrap\">\n\n                    <!--  Image -->\n                    <div class=\"grid-project-image\">\n\n                            <!-- Project Image -->\n                <div class=\"project-image project__image__12145\">\n                <img decoding=\"async\" src=\"https:\/\/skersvejis.com\/wp-content\/uploads\/2024\/06\/IMG_1958-e1738846029344.webp\" class=\"attachment-post-thumbnail size-post-thumbnail wp-post-image\" alt=\"\" srcset=\"https:\/\/skersvejis.com\/wp-content\/uploads\/2024\/06\/IMG_1958-e1738846029344.webp 1440w, https:\/\/skersvejis.com\/wp-content\/uploads\/2024\/06\/IMG_1958-e1738846029344-300x188.webp 300w, https:\/\/skersvejis.com\/wp-content\/uploads\/2024\/06\/IMG_1958-e1738846029344-1024x641.webp 1024w, https:\/\/skersvejis.com\/wp-content\/uploads\/2024\/06\/IMG_1958-e1738846029344-768x481.webp 768w\" sizes=\"(max-width: 1440px) 100vw, 1440px\" \/>\n    <\/div>\n    <!--\/Project Image -->\n\n    \n                    <\/div>\n                    <!--\/ Image -->\n\n                    <!--  Meta -->\n                    <div class=\"grid-project-meta\">\n\n                        <!-- Title -->\n                        <div class=\"grid-project-title\">\n                            Yellow parking lot                        <\/div>\n                        <!--\/ Title -->\n\n                                            <\/div>\n                    <!--\/ Meta -->\n\n                <\/div>\n\n            <\/a>\n\n        <\/div>\n        <!--\/Project -->\n\n\n        \n        <!-- Project -->\n        <div class=\"grid-project needs--handle align-right  cat_nuoma cat_vietos\" data-duration=\"1\" data-delay=\"0\" data-scrub=\"false\" data-pin=\"false\" data-anim-out=\"false\" >\n\n            <!-- Project URL --><a data-id=\"10542\" class=\"barba--trigger  cursor-text\" data-cursor-text=\"PATIRK\" href=\"https:\/\/skersvejis.com\/en\/erdves-nuoma\/garazas-911\/\">\n\n                <div class=\"grid-project-wrap\">\n\n                    <!--  Image -->\n                    <div class=\"grid-project-image\">\n\n                            <!-- Project Image -->\n                <div class=\"project-image project__image__10542\">\n                <img decoding=\"async\" src=\"https:\/\/skersvejis.com\/wp-content\/uploads\/2025\/02\/2-Porsche-GT2-RS-Clubsport-25.jpg\" class=\"attachment-post-thumbnail size-post-thumbnail wp-post-image\" alt=\"\" srcset=\"https:\/\/skersvejis.com\/wp-content\/uploads\/2025\/02\/2-Porsche-GT2-RS-Clubsport-25.jpg 1920w, https:\/\/skersvejis.com\/wp-content\/uploads\/2025\/02\/2-Porsche-GT2-RS-Clubsport-25-300x200.jpg 300w, https:\/\/skersvejis.com\/wp-content\/uploads\/2025\/02\/2-Porsche-GT2-RS-Clubsport-25-1024x683.jpg 1024w, https:\/\/skersvejis.com\/wp-content\/uploads\/2025\/02\/2-Porsche-GT2-RS-Clubsport-25-768x512.jpg 768w, https:\/\/skersvejis.com\/wp-content\/uploads\/2025\/02\/2-Porsche-GT2-RS-Clubsport-25-1536x1024.jpg 1536w, https:\/\/skersvejis.com\/wp-content\/uploads\/2025\/02\/2-Porsche-GT2-RS-Clubsport-25-18x12.jpg 18w\" sizes=\"(max-width: 1920px) 100vw, 1920px\" \/>\n    <\/div>\n    <!--\/Project Image -->\n\n    \n                    <\/div>\n                    <!--\/ Image -->\n\n                    <!--  Meta -->\n                    <div class=\"grid-project-meta\">\n\n                        <!-- Title -->\n                        <div class=\"grid-project-title\">\n                            Porsche garage 9:11                        <\/div>\n                        <!--\/ Title -->\n\n                                            <\/div>\n                    <!--\/ Meta -->\n\n                <\/div>\n\n            <\/a>\n\n        <\/div>\n        <!--\/Project -->\n\n\n        \n\n\n\n\n    <\/div>\n    <!--\/Projects Wrapper -->\n\n        \n<\/div>\n<!--\/Portfolio Grid -->\n\n\n\t\t\t\t<\/div>\n\t\t\t\t<\/div>\n\t\t\t\t\t<\/div>\n\t\t<\/div>\n\t\t\t\t\t<\/div>\n\t\t<\/section>\n\t\t\t\t\t<\/div>\n\t\t<\/div>\n\t\t\t\t\t<\/div>\n\t\t<\/section>\n\t\t<div class=\"anim-bg elementor-element elementor-element-25142de0 wrapper-wide section-normal e-flex e-con-boxed default e-con e-parent\" data-id=\"25142de0\" data-element_type=\"container\" data-e-type=\"container\" data-settings=\"{&quot;background_background&quot;:&quot;classic&quot;}\">\n\t\t\t\t\t<div class=\"e-con-inner\">\n\t\t<div class=\"elementor-element elementor-element-d7e0aaa e-grid e-con-full wrapper-wide section-normal default e-con e-child\" data-id=\"d7e0aaa\" data-element_type=\"container\" data-e-type=\"container\">\n\t\t\t\t<div class=\"elementor-element elementor-element-225415b1 elementor-widget elementor-widget-naylatextwrapper\" data-id=\"225415b1\" data-element_type=\"widget\" data-e-type=\"widget\" data-widget_type=\"naylatextwrapper.default\">\n\t\t\t\t<div class=\"elementor-widget-container\">\n\t\t\t\t\t\n\n\n<div class=\"text-wrapper\">\n\n    <p class=\"has-anim-text wordsJustifyCollapse  text-h6  false\" data-stagger=\"0.1\" data-duration=\"1.5\"data-delay=\"0\"data-scrub=\"true\" data-pin=\"\"> Jono Meko Skersv\u0117jis offers a unique opportunity to experience the spirit of U\u017eupis' history and culture by staying in stylish and artistically designed apartments, available for short-term or long-term rent. <\/p>\n\n\n<\/div>\n\n\n\t\t\t\t<\/div>\n\t\t\t\t<\/div>\n\t\t\t\t<div class=\"elementor-element elementor-element-3026055b elementor-widget elementor-widget-naylacircletext\" data-id=\"3026055b\" data-element_type=\"widget\" data-e-type=\"widget\" data-widget_type=\"naylacircletext.default\">\n\t\t\t\t<div class=\"elementor-widget-container\">\n\t\t\t\t\t\n<div class=\"nayla-circular-text\" data-duration=\"20\" data-height=\"210\" >\n\n    <div class=\"circular-text-wrap\">\n\n        <div class=\"circular-text-content\">\n\n            <div class=\"circle-text\"> APARTMENT RENT <\/div>\n\n\n            <div class=\"circle-seperator circle-word\"> <div class=\"circle-char\"><i aria-hidden=\"true\" class=\"material-icons md-circle\" data-md-icon=\"circle\"><\/i><\/div> <\/div>\n\n        <\/div>\n\n    <\/div>\n\n\n    <div class='circular-text-icon'><a href=\"https:\/\/skersvejis.com\/en\/nuoma\/\" target=\"_blank\" rel=\"nofollow\"><i aria-hidden=\"true\" class=\"material-icons md-maps_home_work\" data-md-icon=\"maps_home_work\"><\/i><\/a><\/div>\n<\/div>\n\n\t\t\t\t<\/div>\n\t\t\t\t<\/div>\n\t\t\t\t<div class=\"elementor-element elementor-element-15b2412 elementor-widget elementor-widget-naylabutton\" data-id=\"15b2412\" data-element_type=\"widget\" data-e-type=\"widget\" data-widget_type=\"naylabutton.default\">\n\t\t\t\t<div class=\"elementor-widget-container\">\n\t\t\t\t\t\n\n<!--  Button -->\n<div class=\"nayla-button outline icon-right  cursor-default\" >\n\n    <span class=\"left-icon\"><i aria-hidden=\"true\" class=\"material-icons md-arrow_outward\" data-md-icon=\"arrow_outward\"><\/i><\/span>\n\n    <a target=\"_self\" href=\"https:\/\/skersvejis.com\/en\/nuoma-renginiams\/\">More<\/a>\n\n    <span class=\"right-icon\"><i aria-hidden=\"true\" class=\"material-icons md-arrow_outward\" data-md-icon=\"arrow_outward\"><\/i><\/span>\n\n<\/div>\n<!--\/ Button -->\n\n\n\t\t\t\t<\/div>\n\t\t\t\t<\/div>\n\t\t\t\t<\/div>\n\t\t\t\t\t<\/div>\n\t\t\t\t<\/div>\n\t\t\t\t<\/div>","protected":false},"excerpt":{"rendered":"<p>erdv\u0117s nuomai Skersv\u0117jis kvie\u010dia Jus atrasti unikalias vietas, kuriose susijungia k\u016brybi\u0161kumas ir galimyb\u0117s. M\u016bs\u0173 meni\u0161kos erdv\u0117s puikiai tinka \u012fvairiems renginiams \u2013 nuo asmenini\u0173 \u0161ven\u010di\u0173 iki verslo susitikim\u0173 ar k\u016brybini\u0173 dirbtuvi\u0173. [&hellip;]<\/p>\n","protected":false},"author":1,"featured_media":0,"parent":0,"menu_order":0,"comment_status":"closed","ping_status":"closed","template":"","meta":{"_acf_changed":false,"footnotes":""},"class_list":["post-14268","page","type-page","status-publish","hentry"],"acf":[],"yoast_head":"<!-- This site is optimized with the Yoast SEO plugin v27.5 - https:\/\/yoast.com\/product\/yoast-seo-wordpress\/ -->\n<title>Nuoma renginiams - SKERSVEJIS<\/title>\n<meta name=\"robots\" content=\"index, follow, max-snippet:-1, max-image-preview:large, max-video-preview:-1\" \/>\n<link rel=\"canonical\" href=\"https:\/\/skersvejis.com\/en\/nuoma-renginiams\/\" \/>\n<meta property=\"og:locale\" content=\"en_GB\" \/>\n<meta property=\"og:type\" content=\"article\" \/>\n<meta property=\"og:title\" content=\"Nuoma renginiams - SKERSVEJIS\" \/>\n<meta property=\"og:description\" content=\"erdv\u0117s nuomai Skersv\u0117jis kvie\u010dia Jus atrasti unikalias vietas, kuriose susijungia k\u016brybi\u0161kumas ir galimyb\u0117s. M\u016bs\u0173 meni\u0161kos erdv\u0117s puikiai tinka \u012fvairiems renginiams \u2013 nuo asmenini\u0173 \u0161ven\u010di\u0173 iki verslo susitikim\u0173 ar k\u016brybini\u0173 dirbtuvi\u0173. [&hellip;]\" \/>\n<meta property=\"og:url\" content=\"https:\/\/skersvejis.com\/en\/nuoma-renginiams\/\" \/>\n<meta property=\"og:site_name\" content=\"SKERSVEJIS\" \/>\n<meta property=\"article:publisher\" content=\"https:\/\/www.facebook.com\/MekoSkersvejis\" \/>\n<meta property=\"article:modified_time\" content=\"2025-07-07T10:26:09+00:00\" \/>\n<meta property=\"og:image\" content=\"https:\/\/skersvejis.com\/wp-content\/uploads\/2024\/09\/311496308_1052252448784210_2167181081629769814_n.jpg\" \/>\n<meta name=\"twitter:card\" content=\"summary_large_image\" \/>\n<meta name=\"twitter:label1\" content=\"Estimated reading time\" \/>\n\t<meta name=\"twitter:data1\" content=\"3 minutes\" \/>\n<script type=\"application\/ld+json\" class=\"yoast-schema-graph\">{\"@context\":\"https:\\\/\\\/schema.org\",\"@graph\":[{\"@type\":\"WebPage\",\"@id\":\"https:\\\/\\\/skersvejis.com\\\/nuoma-renginiams\\\/\",\"url\":\"https:\\\/\\\/skersvejis.com\\\/nuoma-renginiams\\\/\",\"name\":\"Nuoma renginiams - SKERSVEJIS\",\"isPartOf\":{\"@id\":\"https:\\\/\\\/skersvejis.com\\\/#website\"},\"primaryImageOfPage\":{\"@id\":\"https:\\\/\\\/skersvejis.com\\\/nuoma-renginiams\\\/#primaryimage\"},\"image\":{\"@id\":\"https:\\\/\\\/skersvejis.com\\\/nuoma-renginiams\\\/#primaryimage\"},\"thumbnailUrl\":\"https:\\\/\\\/skersvejis.com\\\/wp-content\\\/uploads\\\/2024\\\/09\\\/311496308_1052252448784210_2167181081629769814_n.jpg\",\"datePublished\":\"2025-01-13T15:15:44+00:00\",\"dateModified\":\"2025-07-07T10:26:09+00:00\",\"breadcrumb\":{\"@id\":\"https:\\\/\\\/skersvejis.com\\\/nuoma-renginiams\\\/#breadcrumb\"},\"inLanguage\":\"en-GB\",\"potentialAction\":[{\"@type\":\"ReadAction\",\"target\":[\"https:\\\/\\\/skersvejis.com\\\/nuoma-renginiams\\\/\"]}]},{\"@type\":\"ImageObject\",\"inLanguage\":\"en-GB\",\"@id\":\"https:\\\/\\\/skersvejis.com\\\/nuoma-renginiams\\\/#primaryimage\",\"url\":\"https:\\\/\\\/skersvejis.com\\\/wp-content\\\/uploads\\\/2024\\\/09\\\/311496308_1052252448784210_2167181081629769814_n.jpg\",\"contentUrl\":\"https:\\\/\\\/skersvejis.com\\\/wp-content\\\/uploads\\\/2024\\\/09\\\/311496308_1052252448784210_2167181081629769814_n.jpg\"},{\"@type\":\"BreadcrumbList\",\"@id\":\"https:\\\/\\\/skersvejis.com\\\/nuoma-renginiams\\\/#breadcrumb\",\"itemListElement\":[{\"@type\":\"ListItem\",\"position\":1,\"name\":\"Home\",\"item\":\"https:\\\/\\\/skersvejis.com\\\/\"},{\"@type\":\"ListItem\",\"position\":2,\"name\":\"Nuoma renginiams\"}]},{\"@type\":\"WebSite\",\"@id\":\"https:\\\/\\\/skersvejis.com\\\/#website\",\"url\":\"https:\\\/\\\/skersvejis.com\\\/\",\"name\":\"SKERSV\u0116JIS\",\"description\":\"Jono Meko pasa\u017eas U\u017eupyje\",\"publisher\":{\"@id\":\"https:\\\/\\\/skersvejis.com\\\/#organization\"},\"potentialAction\":[{\"@type\":\"SearchAction\",\"target\":{\"@type\":\"EntryPoint\",\"urlTemplate\":\"https:\\\/\\\/skersvejis.com\\\/?s={search_term_string}\"},\"query-input\":{\"@type\":\"PropertyValueSpecification\",\"valueRequired\":true,\"valueName\":\"search_term_string\"}}],\"inLanguage\":\"en-GB\"},{\"@type\":\"Organization\",\"@id\":\"https:\\\/\\\/skersvejis.com\\\/#organization\",\"name\":\"SKERSVEJIS\",\"url\":\"https:\\\/\\\/skersvejis.com\\\/\",\"logo\":{\"@type\":\"ImageObject\",\"inLanguage\":\"en-GB\",\"@id\":\"https:\\\/\\\/skersvejis.com\\\/#\\\/schema\\\/logo\\\/image\\\/\",\"url\":\"https:\\\/\\\/skersvejis.com\\\/wp-content\\\/uploads\\\/2024\\\/04\\\/Skersvejis_black-e1714052101310.png\",\"contentUrl\":\"https:\\\/\\\/skersvejis.com\\\/wp-content\\\/uploads\\\/2024\\\/04\\\/Skersvejis_black-e1714052101310.png\",\"width\":1247,\"height\":309,\"caption\":\"SKERSVEJIS\"},\"image\":{\"@id\":\"https:\\\/\\\/skersvejis.com\\\/#\\\/schema\\\/logo\\\/image\\\/\"},\"sameAs\":[\"https:\\\/\\\/www.facebook.com\\\/MekoSkersvejis\",\"https:\\\/\\\/www.instagram.com\\\/mekoskersvejis\\\/\"]}]}<\/script>\n<!-- \/ Yoast SEO plugin. -->","yoast_head_json":{"title":"Nuoma renginiams - SKERSVEJIS","robots":{"index":"index","follow":"follow","max-snippet":"max-snippet:-1","max-image-preview":"max-image-preview:large","max-video-preview":"max-video-preview:-1"},"canonical":"https:\/\/skersvejis.com\/en\/nuoma-renginiams\/","og_locale":"en_GB","og_type":"article","og_title":"Nuoma renginiams - SKERSVEJIS","og_description":"erdv\u0117s nuomai Skersv\u0117jis kvie\u010dia Jus atrasti unikalias vietas, kuriose susijungia k\u016brybi\u0161kumas ir galimyb\u0117s. M\u016bs\u0173 meni\u0161kos erdv\u0117s puikiai tinka \u012fvairiems renginiams \u2013 nuo asmenini\u0173 \u0161ven\u010di\u0173 iki verslo susitikim\u0173 ar k\u016brybini\u0173 dirbtuvi\u0173. [&hellip;]","og_url":"https:\/\/skersvejis.com\/en\/nuoma-renginiams\/","og_site_name":"SKERSVEJIS","article_publisher":"https:\/\/www.facebook.com\/MekoSkersvejis","article_modified_time":"2025-07-07T10:26:09+00:00","og_image":[{"url":"https:\/\/skersvejis.com\/wp-content\/uploads\/2024\/09\/311496308_1052252448784210_2167181081629769814_n.jpg","type":"","width":"","height":""}],"twitter_card":"summary_large_image","twitter_misc":{"Estimated reading time":"3 minutes"},"schema":{"@context":"https:\/\/schema.org","@graph":[{"@type":"WebPage","@id":"https:\/\/skersvejis.com\/nuoma-renginiams\/","url":"https:\/\/skersvejis.com\/nuoma-renginiams\/","name":"Nuoma renginiams - SKERSVEJIS","isPartOf":{"@id":"https:\/\/skersvejis.com\/#website"},"primaryImageOfPage":{"@id":"https:\/\/skersvejis.com\/nuoma-renginiams\/#primaryimage"},"image":{"@id":"https:\/\/skersvejis.com\/nuoma-renginiams\/#primaryimage"},"thumbnailUrl":"https:\/\/skersvejis.com\/wp-content\/uploads\/2024\/09\/311496308_1052252448784210_2167181081629769814_n.jpg","datePublished":"2025-01-13T15:15:44+00:00","dateModified":"2025-07-07T10:26:09+00:00","breadcrumb":{"@id":"https:\/\/skersvejis.com\/nuoma-renginiams\/#breadcrumb"},"inLanguage":"en-GB","potentialAction":[{"@type":"ReadAction","target":["https:\/\/skersvejis.com\/nuoma-renginiams\/"]}]},{"@type":"ImageObject","inLanguage":"en-GB","@id":"https:\/\/skersvejis.com\/nuoma-renginiams\/#primaryimage","url":"https:\/\/skersvejis.com\/wp-content\/uploads\/2024\/09\/311496308_1052252448784210_2167181081629769814_n.jpg","contentUrl":"https:\/\/skersvejis.com\/wp-content\/uploads\/2024\/09\/311496308_1052252448784210_2167181081629769814_n.jpg"},{"@type":"BreadcrumbList","@id":"https:\/\/skersvejis.com\/nuoma-renginiams\/#breadcrumb","itemListElement":[{"@type":"ListItem","position":1,"name":"Home","item":"https:\/\/skersvejis.com\/"},{"@type":"ListItem","position":2,"name":"Nuoma renginiams"}]},{"@type":"WebSite","@id":"https:\/\/skersvejis.com\/#website","url":"https:\/\/skersvejis.com\/","name":"SKERSV\u0116JIS","description":"Jono Meko pasa\u017eas U\u017eupyje","publisher":{"@id":"https:\/\/skersvejis.com\/#organization"},"potentialAction":[{"@type":"SearchAction","target":{"@type":"EntryPoint","urlTemplate":"https:\/\/skersvejis.com\/?s={search_term_string}"},"query-input":{"@type":"PropertyValueSpecification","valueRequired":true,"valueName":"search_term_string"}}],"inLanguage":"en-GB"},{"@type":"Organization","@id":"https:\/\/skersvejis.com\/#organization","name":"SKERSVEJIS","url":"https:\/\/skersvejis.com\/","logo":{"@type":"ImageObject","inLanguage":"en-GB","@id":"https:\/\/skersvejis.com\/#\/schema\/logo\/image\/","url":"https:\/\/skersvejis.com\/wp-content\/uploads\/2024\/04\/Skersvejis_black-e1714052101310.png","contentUrl":"https:\/\/skersvejis.com\/wp-content\/uploads\/2024\/04\/Skersvejis_black-e1714052101310.png","width":1247,"height":309,"caption":"SKERSVEJIS"},"image":{"@id":"https:\/\/skersvejis.com\/#\/schema\/logo\/image\/"},"sameAs":["https:\/\/www.facebook.com\/MekoSkersvejis","https:\/\/www.instagram.com\/mekoskersvejis\/"]}]}},"_links":{"self":[{"href":"https:\/\/skersvejis.com\/en\/wp-json\/wp\/v2\/pages\/14268","targetHints":{"allow":["GET"]}}],"collection":[{"href":"https:\/\/skersvejis.com\/en\/wp-json\/wp\/v2\/pages"}],"about":[{"href":"https:\/\/skersvejis.com\/en\/wp-json\/wp\/v2\/types\/page"}],"author":[{"embeddable":true,"href":"https:\/\/skersvejis.com\/en\/wp-json\/wp\/v2\/users\/1"}],"replies":[{"embeddable":true,"href":"https:\/\/skersvejis.com\/en\/wp-json\/wp\/v2\/comments?post=14268"}],"version-history":[{"count":40,"href":"https:\/\/skersvejis.com\/en\/wp-json\/wp\/v2\/pages\/14268\/revisions"}],"predecessor-version":[{"id":15282,"href":"https:\/\/skersvejis.com\/en\/wp-json\/wp\/v2\/pages\/14268\/revisions\/15282"}],"wp:attachment":[{"href":"https:\/\/skersvejis.com\/en\/wp-json\/wp\/v2\/media?parent=14268"}],"curies":[{"name":"wp","href":"https:\/\/api.w.org\/{rel}","templated":true}]}}